{"id":12373,"date":"2025-10-03T11:17:23","date_gmt":"2025-10-03T09:17:23","guid":{"rendered":"https:\/\/jiser.org\/?post_type=product&#038;p=12373"},"modified":"2025-11-14T12:36:56","modified_gmt":"2025-11-14T10:36:56","slug":"maen-hammad-%c2%b7-landing","status":"publish","type":"product","link":"https:\/\/jiser.org\/es\/producto\/maen-hammad-%c2%b7-landing\/","title":{"rendered":"Maen Hammad \u00b7 Landing"},"content":{"rendered":"<p style=\"text-align: left;\">Landing, de Maen Hammad, explora las vidas de los skaters palestinos en la Cisjordania ocupada mientras se enfrentan a las m\u00faltiples realidades de la dominaci\u00f3n colonial israel\u00ed. El libro ofrece una tesis sobre el skateboarding como forma de resistencia a un entorno de violencia. Documentado entre 2015 y 2022, captura los fugaces momentos de evasi\u00f3n y el esp\u00edritu indomable del skateboarding. A trav\u00e9s de una danza interpretativa de im\u00e1genes y texto, el libro presenta una poderosa contra-narrativa: una muestra de la negativa palestina a sucumbir.<\/p>\n<p style=\"text-align: left;\">Entretejiendo la narrativa personal de Maen con las voces de los skaters palestinos, Landing ofrece una visi\u00f3n \u00edntima de la b\u00fasqueda cotidiana de la libertad. Se centra en el espacio mental alternativo creado por estos j\u00f3venes skaters. Este libro de m\u00faltiples capas crea un di\u00e1logo necesario entre el texto y las im\u00e1genes, proporcionando microhistorias variadas dentro de un todo conectado. Con el tel\u00f3n de fondo del genocidio en curso y casi un siglo de borrado, Landing presenta un portal vital hacia la tenacidad, la creatividad y la lucha descolonial de esta generaci\u00f3n en Palestina.<\/p>\n<p style=\"text-align: left;\">Producido en estrecha colaboraci\u00f3n con el dise\u00f1ador Ro\u00ef Saade, Landing armoniza 22 ensayos cr\u00edticos, poemas y entrevistas junto con m\u00e1s de 100 im\u00e1genes.<\/p>\n<p style=\"text-align: left;\"><b>Editorial:<\/b> Huwawa<br \/>\n<b>Idioma:<\/b> Ingl\u00e9s<br \/>\n<b>Tama\u00f1o:<\/b> 23 x 28 cm<br \/>\n<b>Enquadernaci\u00f3n:<\/b> Tapa blanda<br \/>\n<b>Dise\u00f1o gr\u00e1fico:<\/b> Ro\u00ef Saade<\/p>\n","protected":false},"excerpt":{"rendered":"<p>Landing, de Maen Hammad, explora las vidas de los skaters palestinos en la Cisjordania ocupada mientras se enfrentan a las m\u00faltiples realidades de la dominaci\u00f3n colonial israel\u00ed. El libro ofrece una tesis sobre el skateboarding como forma de resistencia a un entorno de violencia. Documentado entre 2015 y 2022, captura los fugaces momentos de evasi\u00f3n [&hellip;]<\/p>\n","protected":false},"featured_media":12374,"comment_status":"closed","ping_status":"closed","template":"","meta":{"_acf_changed":false},"product_brand":[],"product_cat":[117],"class_list":{"0":"post-12373","1":"product","2":"type-product","3":"status-publish","4":"has-post-thumbnail","6":"product_cat-publicaciones","8":"first","9":"instock","10":"taxable","11":"shipping-taxable","12":"purchasable","13":"product-type-simple"},"acf":[],"_links":{"self":[{"href":"https:\/\/jiser.org\/es\/wp-json\/wp\/v2\/product\/12373","targetHints":{"allow":["GET"]}}],"collection":[{"href":"https:\/\/jiser.org\/es\/wp-json\/wp\/v2\/product"}],"about":[{"href":"https:\/\/jiser.org\/es\/wp-json\/wp\/v2\/types\/product"}],"replies":[{"embeddable":true,"href":"https:\/\/jiser.org\/es\/wp-json\/wp\/v2\/comments?post=12373"}],"wp:featuredmedia":[{"embeddable":true,"href":"https:\/\/jiser.org\/es\/wp-json\/wp\/v2\/media\/12374"}],"wp:attachment":[{"href":"https:\/\/jiser.org\/es\/wp-json\/wp\/v2\/media?parent=12373"}],"wp:term":[{"taxonomy":"product_brand","embeddable":true,"href":"https:\/\/jiser.org\/es\/wp-json\/wp\/v2\/product_brand?post=12373"},{"taxonomy":"product_cat","embeddable":true,"href":"https:\/\/jiser.org\/es\/wp-json\/wp\/v2\/product_cat?post=12373"}],"curies":[{"name":"wp","href":"https:\/\/api.w.org\/{rel}","templated":true}]}}