{"id":12368,"date":"2025-09-30T18:33:59","date_gmt":"2025-09-30T16:36:24","guid":{"rendered":"https:\/\/jiser.org\/?post_type=product&#038;p=12368"},"modified":"2025-09-30T18:36:24","modified_gmt":"2025-09-30T16:36:24","slug":"thilleli-rahmoun-%c2%b7-auca-al-reves","status":"publish","type":"product","link":"https:\/\/jiser.org\/es\/producto\/thilleli-rahmoun-%c2%b7-auca-al-reves\/","title":{"rendered":"Thilleli Rahmoun \u00b7 Auca al rev\u00e9s"},"content":{"rendered":"<p style=\"text-align: left;\">El Museo\u00a0Can\u00a0Framis, con la colaboraci\u00f3n de La Escocesa, presenta la obra\u00a0Auca\u00a0al rev\u00e9s de\u00a0Thilleli\u00a0Rahmoun, una\u00a0auca\u00a0que invita al lector a interactuar con las diversas historias, oficiales y no oficiales, del barrio del Poblenou.<\/p>\n<p style=\"text-align: left;\">Un trabajo fruto de la investigaci\u00f3n que la artista ha llevado a cabo durante los \u00faltimos dos a\u00f1os y que conforma una radiograf\u00eda alternativa de la idiosincrasia del barrio a trav\u00e9s de espacios urbanos on\u00edricos y testimonios de los vecinos y vecinas.<\/p>\n<p style=\"text-align: left;\"><b>Idiomas:<\/b> Castellano, catal\u00e1n, franc\u00e9s y kabyle<br \/>\n<b>Medidas:<\/b> 14,8 x 21 cm<br \/>\n<b>Encuadernaci\u00f3n:<\/b> 48 fichas sueltas con impresi\u00f3n digital a doble cara en color + 2 hojas de papel Kraft A3 doblados en A5 con impresi\u00f3n risogr\u00e1fica<\/p>\n","protected":false},"excerpt":{"rendered":"<p>El Museo\u00a0Can\u00a0Framis, con la colaboraci\u00f3n de La Escocesa, presenta la obra\u00a0Auca\u00a0al rev\u00e9s de\u00a0Thilleli\u00a0Rahmoun, una\u00a0auca\u00a0que invita al lector a interactuar con las diversas historias, oficiales y no oficiales, del barrio del Poblenou. Un trabajo fruto de la investigaci\u00f3n que la artista ha llevado a cabo durante los \u00faltimos dos a\u00f1os y que conforma una radiograf\u00eda alternativa [&hellip;]<\/p>\n","protected":false},"featured_media":12470,"comment_status":"closed","ping_status":"closed","template":"","meta":{"_acf_changed":false},"product_brand":[],"product_cat":[117],"class_list":{"0":"post-12368","1":"product","2":"type-product","3":"status-publish","4":"has-post-thumbnail","6":"product_cat-publicaciones","8":"first","9":"instock","10":"taxable","11":"shipping-taxable","12":"purchasable","13":"product-type-simple"},"acf":[],"_links":{"self":[{"href":"https:\/\/jiser.org\/es\/wp-json\/wp\/v2\/product\/12368","targetHints":{"allow":["GET"]}}],"collection":[{"href":"https:\/\/jiser.org\/es\/wp-json\/wp\/v2\/product"}],"about":[{"href":"https:\/\/jiser.org\/es\/wp-json\/wp\/v2\/types\/product"}],"replies":[{"embeddable":true,"href":"https:\/\/jiser.org\/es\/wp-json\/wp\/v2\/comments?post=12368"}],"wp:featuredmedia":[{"embeddable":true,"href":"https:\/\/jiser.org\/es\/wp-json\/wp\/v2\/media\/12470"}],"wp:attachment":[{"href":"https:\/\/jiser.org\/es\/wp-json\/wp\/v2\/media?parent=12368"}],"wp:term":[{"taxonomy":"product_brand","embeddable":true,"href":"https:\/\/jiser.org\/es\/wp-json\/wp\/v2\/product_brand?post=12368"},{"taxonomy":"product_cat","embeddable":true,"href":"https:\/\/jiser.org\/es\/wp-json\/wp\/v2\/product_cat?post=12368"}],"curies":[{"name":"wp","href":"https:\/\/api.w.org\/{rel}","templated":true}]}}