{"id":12183,"date":"2025-07-29T15:43:24","date_gmt":"2025-09-01T14:46:34","guid":{"rendered":"https:\/\/jiser.org\/?post_type=product&#038;p=12183"},"modified":"2025-09-01T16:46:34","modified_gmt":"2025-09-01T14:46:34","slug":"rec-%c2%b7-recordare","status":"publish","type":"product","link":"https:\/\/jiser.org\/es\/producto\/rec-%c2%b7-recordare\/","title":{"rendered":"REC \u00b7 Recordare"},"content":{"rendered":"<p style=\"text-align: left;\"><b>REC Recordare<\/b>\u00a0es una residencia de investigaci\u00f3n curatorial interdisciplinar entre Francia y Espa\u00f1a. El proyecto nace de la fusi\u00f3n de dos asociaciones con identidades similares: F\u00f6hn, con sede en Nueva Aquitania, y Jiser, con sede en Barcelona, T\u00fanez y Argel.<\/p>\n<p style=\"text-align: left;\">La residencia ofreci\u00f3 6 semanas en Lormont a la comisaria catalana Irma Estrada, y 6 semanas en Barcelona a un comisario de la regi\u00f3n Neo-Aquitania, Jocelyn Moisson. Ambos tienen una pr\u00e1ctica de escritura cr\u00edtica.<\/p>\n<p style=\"text-align: left;\">Estos dos periodos de investigaci\u00f3n de 6 semanas consecutivas tienen por objeto poner en contacto a los dos comisarios con los artistas de una zona determinada, en forma de visitas a los estudios y encuentros f\u00edsicos con las obras. Para cada una de estas visitas a los estudios de los artistas, se pondr\u00e1 en marcha un proyecto de escritura in situ para registrar tanto el encuentro personal como el encuentro con el enfoque art\u00edstico del artista. Este cuaderno de bit\u00e1cora adopta aqu\u00ed la forma de publicaci\u00f3n f\u00edsica.<\/p>\n<p style=\"text-align: left;\"><b>Idiomas:<\/b> Catal\u00e1n, franc\u00e9s<br \/>\n<b>Textos<\/b>: Irma Estrada y Jocelyn Moisson<br \/>\n<b>Medidas:<\/b> 24 x 17 cm<br \/>\n<b>Encuadernaci\u00f3n:<\/b> Tapa blanda. Cosido a mano.<br \/>\n<b>Dise\u00f1o gr\u00e1fico:<\/b>\u00a0Hichem Merouche<br \/>\n<b>Impresi\u00f3n: <\/b>TPI Copi<\/p>\n","protected":false},"excerpt":{"rendered":"<p>REC Recordare\u00a0es una residencia de investigaci\u00f3n curatorial interdisciplinar entre Francia y Espa\u00f1a. El proyecto nace de la fusi\u00f3n de dos asociaciones con identidades similares: F\u00f6hn, con sede en Nueva Aquitania, y Jiser, con sede en Barcelona, T\u00fanez y Argel. La residencia ofreci\u00f3 6 semanas en Lormont a la comisaria catalana Irma Estrada, y 6 semanas [&hellip;]<\/p>\n","protected":false},"featured_media":12193,"comment_status":"closed","ping_status":"closed","template":"","meta":{"_acf_changed":false},"product_brand":[],"product_cat":[117],"class_list":{"0":"post-12183","1":"product","2":"type-product","3":"status-publish","4":"has-post-thumbnail","6":"product_cat-publicaciones","8":"first","9":"instock","10":"taxable","11":"shipping-taxable","12":"purchasable","13":"product-type-simple"},"acf":[],"_links":{"self":[{"href":"https:\/\/jiser.org\/es\/wp-json\/wp\/v2\/product\/12183","targetHints":{"allow":["GET"]}}],"collection":[{"href":"https:\/\/jiser.org\/es\/wp-json\/wp\/v2\/product"}],"about":[{"href":"https:\/\/jiser.org\/es\/wp-json\/wp\/v2\/types\/product"}],"replies":[{"embeddable":true,"href":"https:\/\/jiser.org\/es\/wp-json\/wp\/v2\/comments?post=12183"}],"wp:featuredmedia":[{"embeddable":true,"href":"https:\/\/jiser.org\/es\/wp-json\/wp\/v2\/media\/12193"}],"wp:attachment":[{"href":"https:\/\/jiser.org\/es\/wp-json\/wp\/v2\/media?parent=12183"}],"wp:term":[{"taxonomy":"product_brand","embeddable":true,"href":"https:\/\/jiser.org\/es\/wp-json\/wp\/v2\/product_brand?post=12183"},{"taxonomy":"product_cat","embeddable":true,"href":"https:\/\/jiser.org\/es\/wp-json\/wp\/v2\/product_cat?post=12183"}],"curies":[{"name":"wp","href":"https:\/\/api.w.org\/{rel}","templated":true}]}}