{"id":12107,"date":"2025-06-25T18:32:37","date_gmt":"2025-06-25T16:35:58","guid":{"rendered":"https:\/\/jiser.org\/?post_type=product&#038;p=12107"},"modified":"2025-07-22T13:22:24","modified_gmt":"2025-07-22T11:22:24","slug":"que-moldea-nuestras-paginas","status":"publish","type":"product","link":"https:\/\/jiser.org\/es\/producto\/que-moldea-nuestras-paginas\/","title":{"rendered":"\u00bfQu\u00e9 moldea nuestras p\u00e1ginas?"},"content":{"rendered":"<p style=\"text-align: left;\">La tercera publicaci\u00f3n de Recreo Art Books, \u00bfQu\u00e9 moldea nuestras p\u00e1ginas?, explora el concepto de territorio y su impacto en las pr\u00e1cticas editoriales contempor\u00e1neas. Fruto de la colaboraci\u00f3n entre Cairo Art Book Fair y Recreo Valencia Art Book Fair, el proyecto examina c\u00f3mo la identidad, el lenguaje, la pol\u00edtica, la migraci\u00f3n y otros factores de cada territorio afectan en la edici\u00f3n independiente. A trav\u00e9s del testimonio de distintos perfiles, se traza un recorrido por el Mediterr\u00e1neo con el objetivo de analizar las similitudes y diferencias que conforman una identidad compartida. Publicada en \u00e1rabe y espa\u00f1ol, la publicaci\u00f3n ofrece m\u00faltiples caminos para la lectura sobre lo que hoy entendemos como edici\u00f3n contempor\u00e1nea desde el Mediterr\u00e1neo.<\/p>\n<p style=\"text-align: left;\"><b>Editorial:<\/b> Recreo Art Books<br \/>\n<b>Idioma:<\/b> Castellano\/\u00e1rabe<br \/>\n<b>Medidas:<\/b> 21 x 29,7 cm<br \/>\n<b>Encuadernaci\u00f3n:<\/b> Grapado<br \/>\n<b>Impresi\u00f3n: <\/b>Risograf\u00eda (verde y negro)<\/p>\n","protected":false},"excerpt":{"rendered":"<p>La tercera publicaci\u00f3n de Recreo Art Books, \u00bfQu\u00e9 moldea nuestras p\u00e1ginas?, explora el concepto de territorio y su impacto en las pr\u00e1cticas editoriales contempor\u00e1neas. Fruto de la colaboraci\u00f3n entre Cairo Art Book Fair y Recreo Valencia Art Book Fair, el proyecto examina c\u00f3mo la identidad, el lenguaje, la pol\u00edtica, la migraci\u00f3n y otros factores de [&hellip;]<\/p>\n","protected":false},"featured_media":12097,"comment_status":"closed","ping_status":"closed","template":"","meta":{"_acf_changed":false},"product_brand":[],"product_cat":[117],"class_list":{"0":"post-12107","1":"product","2":"type-product","3":"status-publish","4":"has-post-thumbnail","6":"product_cat-publicaciones","8":"first","9":"instock","10":"taxable","11":"shipping-taxable","12":"purchasable","13":"product-type-simple"},"acf":[],"_links":{"self":[{"href":"https:\/\/jiser.org\/es\/wp-json\/wp\/v2\/product\/12107","targetHints":{"allow":["GET"]}}],"collection":[{"href":"https:\/\/jiser.org\/es\/wp-json\/wp\/v2\/product"}],"about":[{"href":"https:\/\/jiser.org\/es\/wp-json\/wp\/v2\/types\/product"}],"replies":[{"embeddable":true,"href":"https:\/\/jiser.org\/es\/wp-json\/wp\/v2\/comments?post=12107"}],"wp:featuredmedia":[{"embeddable":true,"href":"https:\/\/jiser.org\/es\/wp-json\/wp\/v2\/media\/12097"}],"wp:attachment":[{"href":"https:\/\/jiser.org\/es\/wp-json\/wp\/v2\/media?parent=12107"}],"wp:term":[{"taxonomy":"product_brand","embeddable":true,"href":"https:\/\/jiser.org\/es\/wp-json\/wp\/v2\/product_brand?post=12107"},{"taxonomy":"product_cat","embeddable":true,"href":"https:\/\/jiser.org\/es\/wp-json\/wp\/v2\/product_cat?post=12107"}],"curies":[{"name":"wp","href":"https:\/\/api.w.org\/{rel}","templated":true}]}}