{"id":11885,"date":"2025-05-07T18:02:40","date_gmt":"2025-05-07T16:06:04","guid":{"rendered":"https:\/\/jiser.org\/?post_type=product&#038;p=11885"},"modified":"2025-07-22T13:21:08","modified_gmt":"2025-07-22T11:21:08","slug":"katia-kameli","status":"publish","type":"product","link":"https:\/\/jiser.org\/es\/producto\/katia-kameli\/","title":{"rendered":"Katia Kameli"},"content":{"rendered":"<p style=\"text-align: left;\">Lejos de concebir el mundo en t\u00e9rminos de identidades separadas, la obra de Katia Kameli se basa en la experiencia personal y la identidad plural de la artista. De m\u00faltiples formas, expresa el espacio intermedio que rechaza la noci\u00f3n de pertenencia en favor de la multiplicidad y contrarresta el dualismo latente de la l\u00f3gica o lo uno o lo otro: o argelino o franc\u00e9s&#8230;<\/p>\n<p style=\"text-align: left;\">Kameli, nacida en Clermont-Ferrand en 1973, adopta un enfoque de hibridez, de una tercera v\u00eda que abre posibilidades a otras visiones, posiciones y formas. Esta tercera v\u00eda cuestiona los relatos que la constituyen, situ\u00e1ndolos en un estado cr\u00edtico, permitiendo el paso entre la narraci\u00f3n y la historia.<\/p>\n<p style=\"text-align: left;\">Este primer libro de artista se refiere principalmente a dos grandes obras: Le Roman alg\u00e9rien y Stream of Stories.<\/p>\n<p style=\"text-align: left;\">Le Roman alg\u00e9rien es un v\u00eddeo que propone una inmersi\u00f3n en la historia de Argelia a trav\u00e9s de una ecl\u00e9ctica colecci\u00f3n de im\u00e1genes. Destinado a integrarse en diferentes formatos (instalaci\u00f3n, proyecci\u00f3n o, en este caso, publicaci\u00f3n), es una especie de Atlas Mnemosyne argelino, un punto de encuentro para explorar la memoria, la construcci\u00f3n de la historia y la fabricaci\u00f3n y difusi\u00f3n de im\u00e1genes.<\/p>\n<p style=\"text-align: left;\">Con Stream of Stories, la artista explora los or\u00edgenes orientales de las F\u00e1bulas del escritor franc\u00e9s Jean de la Fontaine y el desplazamiento hist\u00f3rico y geogr\u00e1fico de un texto. A trav\u00e9s de un ciclo de exposiciones, performances y v\u00eddeos que se amplifican y transforman gradualmente unos a otros, la artista prosigue su investigaci\u00f3n sobre cuestiones de intertextualidad, traducci\u00f3n y representaci\u00f3n.<\/p>\n<p style=\"text-align: left;\">Son precisamente estas intersecciones las que sirven de base al trabajo y al pensamiento interdisciplinar de Katia Kameli. La artista tambi\u00e9n se considera traductora, no s\u00f3lo en el sentido del acto de transmisi\u00f3n, con el paso del significado de una cultura a otra, sino tambi\u00e9n en el sentido de reescribir historias para revelar una historia global de fronteras porosas e influencias rec\u00edprocas.<\/p>\n<p style=\"text-align: left;\"><b>Editorial:\u00a0<\/b>Manuella Editions<br \/>\n<b>Idiomas:<\/b> Ingl\u00e9s y franc\u00e9s<br \/>\n<b>Medidas:<\/b> 24 x 16,5 cm<br \/>\n<b>Encuadernaci\u00f3n:<\/b> Bodoniana, lomo de tela<br \/>\n<b>Dise\u00f1o gr\u00e1fico:<\/b> Yann Rondeau<\/p>\n","protected":false},"excerpt":{"rendered":"<p>Lejos de concebir el mundo en t\u00e9rminos de identidades separadas, la obra de Katia Kameli se basa en la experiencia personal y la identidad plural de la artista. De m\u00faltiples formas, expresa el espacio intermedio que rechaza la noci\u00f3n de pertenencia en favor de la multiplicidad y contrarresta el dualismo latente de la l\u00f3gica o [&hellip;]<\/p>\n","protected":false},"featured_media":12112,"comment_status":"closed","ping_status":"closed","template":"","meta":{"_acf_changed":false},"product_brand":[],"product_cat":[117],"class_list":{"0":"post-11885","1":"product","2":"type-product","3":"status-publish","4":"has-post-thumbnail","6":"product_cat-publicaciones","8":"first","9":"instock","10":"taxable","11":"shipping-taxable","12":"purchasable","13":"product-type-simple"},"acf":[],"_links":{"self":[{"href":"https:\/\/jiser.org\/es\/wp-json\/wp\/v2\/product\/11885","targetHints":{"allow":["GET"]}}],"collection":[{"href":"https:\/\/jiser.org\/es\/wp-json\/wp\/v2\/product"}],"about":[{"href":"https:\/\/jiser.org\/es\/wp-json\/wp\/v2\/types\/product"}],"replies":[{"embeddable":true,"href":"https:\/\/jiser.org\/es\/wp-json\/wp\/v2\/comments?post=11885"}],"wp:featuredmedia":[{"embeddable":true,"href":"https:\/\/jiser.org\/es\/wp-json\/wp\/v2\/media\/12112"}],"wp:attachment":[{"href":"https:\/\/jiser.org\/es\/wp-json\/wp\/v2\/media?parent=11885"}],"wp:term":[{"taxonomy":"product_brand","embeddable":true,"href":"https:\/\/jiser.org\/es\/wp-json\/wp\/v2\/product_brand?post=11885"},{"taxonomy":"product_cat","embeddable":true,"href":"https:\/\/jiser.org\/es\/wp-json\/wp\/v2\/product_cat?post=11885"}],"curies":[{"name":"wp","href":"https:\/\/api.w.org\/{rel}","templated":true}]}}