{"id":851,"date":"2018-04-16T08:07:18","date_gmt":"2018-04-16T06:07:18","guid":{"rendered":"https:\/\/jiser.org\/premsa\/"},"modified":"2022-06-15T09:43:20","modified_gmt":"2022-06-15T07:43:20","slug":"prensa","status":"publish","type":"page","link":"https:\/\/jiser.org\/es\/prensa\/","title":{"rendered":"Prensa"},"content":{"rendered":"<h4>Si quer\u00e9is conocer m\u00e1s sobre Jiser y los proyectos que hemos desarrollado desde 2005, aqu\u00ed pod\u00e9is descargaros nuestra <a href=\"https:\/\/jiser.org\/wp-content\/uploads\/2018\/08\/NdP-General-cast.pdf\">nota de prensa<\/a>. Tambi\u00e9n pod\u00e9is descargaros nuestra selecci\u00f3n r\u00e1pida de <a href=\"https:\/\/jiser.org\/wp-content\/uploads\/2018\/08\/Imatges.zip\">im\u00e1genes<\/a> \u2193<\/h4>\n","protected":false},"excerpt":{"rendered":"<p>Si quer\u00e9is conocer m\u00e1s sobre Jiser y los proyectos que hemos desarrollado desde 2005, aqu\u00ed pod\u00e9is descargaros nuestra nota de prensa. Tambi\u00e9n pod\u00e9is descargaros nuestra selecci\u00f3n r\u00e1pida de im\u00e1genes \u2193<\/p>\n","protected":false},"author":1,"featured_media":0,"parent":0,"menu_order":5,"comment_status":"closed","ping_status":"closed","template":"template-press.php","meta":{"_acf_changed":false,"footnotes":""},"class_list":["post-851","page","type-page","status-publish","hentry"],"acf":[],"_links":{"self":[{"href":"https:\/\/jiser.org\/es\/wp-json\/wp\/v2\/pages\/851","targetHints":{"allow":["GET"]}}],"collection":[{"href":"https:\/\/jiser.org\/es\/wp-json\/wp\/v2\/pages"}],"about":[{"href":"https:\/\/jiser.org\/es\/wp-json\/wp\/v2\/types\/page"}],"author":[{"embeddable":true,"href":"https:\/\/jiser.org\/es\/wp-json\/wp\/v2\/users\/1"}],"replies":[{"embeddable":true,"href":"https:\/\/jiser.org\/es\/wp-json\/wp\/v2\/comments?post=851"}],"version-history":[{"count":14,"href":"https:\/\/jiser.org\/es\/wp-json\/wp\/v2\/pages\/851\/revisions"}],"predecessor-version":[{"id":2797,"href":"https:\/\/jiser.org\/es\/wp-json\/wp\/v2\/pages\/851\/revisions\/2797"}],"wp:attachment":[{"href":"https:\/\/jiser.org\/es\/wp-json\/wp\/v2\/media?parent=851"}],"curies":[{"name":"wp","href":"https:\/\/api.w.org\/{rel}","templated":true}]}}