{"id":848,"date":"2018-04-16T08:07:08","date_gmt":"2018-04-16T06:07:08","guid":{"rendered":"https:\/\/jiser.org\/colaborar\/"},"modified":"2026-02-24T12:41:26","modified_gmt":"2026-02-24T10:41:26","slug":"colaborar","status":"publish","type":"page","link":"https:\/\/jiser.org\/es\/colaborar\/","title":{"rendered":"Colaborar"},"content":{"rendered":"<h3 class=\"small\"><strong>Jiser es una asociaci\u00f3n que mantiene su programaci\u00f3n anual de actividades gracias a diversas fuentes de financiaci\u00f3n, como las cuotas de sus miembros, subvenciones de instituciones p\u00fablicas y donaciones de mecenas privados.<\/strong><\/h3>\n<p class=\"small\">En esta secci\u00f3n destacamos las instituciones y entidades que apoyan nuestro programa de actividades. Adem\u00e1s, te ofrecemos la posibilidad de apoyarnos, a trav\u00e9s de cuatro categor\u00edas (Te con menta, Amiga, Amiga Protectora y Amiga Colaboradora) de forma r\u00e1pida y sencilla. Para m\u00e1s informaci\u00f3n, pod\u00e9is escribirnos a info@jiser.org<\/p>\n","protected":false},"excerpt":{"rendered":"<p>Jiser es una asociaci\u00f3n que mantiene su programaci\u00f3n anual de actividades gracias a diversas fuentes de financiaci\u00f3n, como las cuotas de sus miembros, subvenciones de instituciones p\u00fablicas y donaciones de mecenas privados. En esta secci\u00f3n destacamos las instituciones y entidades que apoyan nuestro programa de actividades. Adem\u00e1s, te ofrecemos la posibilidad de apoyarnos, a trav\u00e9s [&hellip;]<\/p>\n","protected":false},"author":1,"featured_media":0,"parent":0,"menu_order":4,"comment_status":"closed","ping_status":"closed","template":"template-support.php","meta":{"_acf_changed":false,"footnotes":""},"class_list":["post-848","page","type-page","status-publish","hentry"],"acf":[],"_links":{"self":[{"href":"https:\/\/jiser.org\/es\/wp-json\/wp\/v2\/pages\/848","targetHints":{"allow":["GET"]}}],"collection":[{"href":"https:\/\/jiser.org\/es\/wp-json\/wp\/v2\/pages"}],"about":[{"href":"https:\/\/jiser.org\/es\/wp-json\/wp\/v2\/types\/page"}],"author":[{"embeddable":true,"href":"https:\/\/jiser.org\/es\/wp-json\/wp\/v2\/users\/1"}],"replies":[{"embeddable":true,"href":"https:\/\/jiser.org\/es\/wp-json\/wp\/v2\/comments?post=848"}],"version-history":[{"count":39,"href":"https:\/\/jiser.org\/es\/wp-json\/wp\/v2\/pages\/848\/revisions"}],"predecessor-version":[{"id":12863,"href":"https:\/\/jiser.org\/es\/wp-json\/wp\/v2\/pages\/848\/revisions\/12863"}],"wp:attachment":[{"href":"https:\/\/jiser.org\/es\/wp-json\/wp\/v2\/media?parent=848"}],"curies":[{"name":"wp","href":"https:\/\/api.w.org\/{rel}","templated":true}]}}