{"id":839,"date":"2018-04-16T08:06:25","date_gmt":"2018-04-16T08:06:25","guid":{"rendered":"https:\/\/jiser.org\/qui-som\/"},"modified":"2026-02-13T18:25:28","modified_gmt":"2026-02-13T16:25:28","slug":"quienes-somos","status":"publish","type":"page","link":"https:\/\/jiser.org\/es\/quienes-somos\/","title":{"rendered":"Qui\u00e9nes somos"},"content":{"rendered":"<h3>Jiser, que significa \u201cpuente\u201d en \u00e1rabe, es una asociaci\u00f3n sin \u00e1nimo de lucro con sede en Barcelona, cuyo objetivo es promover la creaci\u00f3n art\u00edstica y el uso del arte como herramienta de transformaci\u00f3n social en el espacio mediterr\u00e1neo, a trav\u00e9s de la realizaci\u00f3n de actividades conjuntas que favorezcan el intercambio y el acercamiento entre las diferentes realidades art\u00edsticas y culturales de la regi\u00f3n.<\/h3>\n<p>Nuestros objetivos<\/p>\n<p>\u2500 Generar proyectos de creaci\u00f3n art\u00edstica a trav\u00e9s de espacios de reflexi\u00f3n conjunta entre actores culturales y sociales para favorecer el di\u00e1logo intercultural a nivel local.<\/p>\n<p>\u2500 Desarrollar iniciativas que estimulen y apoyen la concepci\u00f3n, la producci\u00f3n, la visibilidad y la difusi\u00f3n de los artistas y sus obras en la regi\u00f3n.<\/p>\n<p>\u2500 Acompa\u00f1ar los espacios culturales independientes de la regi\u00f3n para encontrar f\u00f3rmulas de sostenibilidad a largo plazo, como potenciar su interacci\u00f3n con las redes internacionales existentes.<\/p>\n","protected":false},"excerpt":{"rendered":"<p>Jiser, que significa \u201cpuente\u201d en \u00e1rabe, es una asociaci\u00f3n sin \u00e1nimo de lucro con sede en Barcelona, cuyo objetivo es promover la creaci\u00f3n art\u00edstica y el uso del arte como herramienta de transformaci\u00f3n social en el espacio mediterr\u00e1neo, a trav\u00e9s de la realizaci\u00f3n de actividades conjuntas que favorezcan el intercambio y el acercamiento entre las [&hellip;]<\/p>\n","protected":false},"author":1,"featured_media":0,"parent":0,"menu_order":1,"comment_status":"closed","ping_status":"closed","template":"template-about.php","meta":{"_acf_changed":false,"footnotes":""},"class_list":["post-839","page","type-page","status-publish","hentry"],"acf":[],"_links":{"self":[{"href":"https:\/\/jiser.org\/es\/wp-json\/wp\/v2\/pages\/839","targetHints":{"allow":["GET"]}}],"collection":[{"href":"https:\/\/jiser.org\/es\/wp-json\/wp\/v2\/pages"}],"about":[{"href":"https:\/\/jiser.org\/es\/wp-json\/wp\/v2\/types\/page"}],"author":[{"embeddable":true,"href":"https:\/\/jiser.org\/es\/wp-json\/wp\/v2\/users\/1"}],"replies":[{"embeddable":true,"href":"https:\/\/jiser.org\/es\/wp-json\/wp\/v2\/comments?post=839"}],"version-history":[{"count":40,"href":"https:\/\/jiser.org\/es\/wp-json\/wp\/v2\/pages\/839\/revisions"}],"predecessor-version":[{"id":12837,"href":"https:\/\/jiser.org\/es\/wp-json\/wp\/v2\/pages\/839\/revisions\/12837"}],"wp:attachment":[{"href":"https:\/\/jiser.org\/es\/wp-json\/wp\/v2\/media?parent=839"}],"curies":[{"name":"wp","href":"https:\/\/api.w.org\/{rel}","templated":true}]}}