{"id":3546,"date":"2021-07-27T17:17:17","date_gmt":"2021-07-27T15:17:17","guid":{"rendered":"https:\/\/jiser.org\/?page_id=3546"},"modified":"2021-07-27T19:11:42","modified_gmt":"2021-07-27T17:11:42","slug":"mural-local-2021","status":"publish","type":"page","link":"https:\/\/jiser.org\/es\/mural-local-2021\/","title":{"rendered":"Resoluci\u00f3n convocatoria MURAL\/LOCAL 2021"},"content":{"rendered":"<h2>Resoluci\u00f3n convocatoria MURAL\/LOCAL 2021<\/h2>\n<p>Estamos muy contentos de comunicar los resultados de la convocatoria MURAL\/LOCAL 2021.<\/p>\n<p>El jurado de esta convocatoria, formado por el artista Ed Oner, Marta Ballesta, Annalisa Cannito, el equipo de Jiser y el colectivo Saberes migrantes, ha seleccionado las candidaturas de los artistas:<\/p>\n<p><b>Sara Mart\u00ednez (aka Sara Mono) y Fares Yessad (aka Serdas)<\/b><\/p>\n<p>Creemos que estos dos artistas, con sus trayectorias, motivaci\u00f3n y los proyectos que han presentado, podr\u00e1n colaborar y trabajar en un intercambio art\u00edstico rico, generando un di\u00e1logo cr\u00edtico para intervenir el mural de 80 m\u00b2 situado en el patio interior de la Cooperativa de Viviendas Bac de Roda, en el espacio comunitario donde se encuentra la sede de Jiser.<\/p>\n<p>Queremos agradecer su participaci\u00f3n a los 17 artistas\/colectivos que nos han enviado su propuesta para esta convocatoria. Adem\u00e1s, el jurado quiere destacar la pertinencia de las candidaturas de Oussama Harrachif, Perrine Honor\u00e9, Mouna Jemal Siala, Thilleli Rahmoun, Oualid Lazrak i Victoria &amp; Kl\u00f6ver.<\/p>\n<p>&nbsp;<\/p>\n","protected":false},"excerpt":{"rendered":"<p>Resoluci\u00f3n convocatoria MURAL\/LOCAL 2021 Estamos muy contentos de comunicar los resultados de la convocatoria MURAL\/LOCAL 2021. El jurado de esta convocatoria, formado por el artista Ed Oner, Marta Ballesta, Annalisa Cannito, el equipo de Jiser y el colectivo Saberes migrantes, ha seleccionado las candidaturas de los artistas: Sara Mart\u00ednez (aka Sara Mono) y Fares Yessad [&hellip;]<\/p>\n","protected":false},"author":4,"featured_media":3498,"parent":0,"menu_order":0,"comment_status":"closed","ping_status":"closed","template":"template-legal.php","meta":{"_acf_changed":false,"footnotes":""},"class_list":["post-3546","page","type-page","status-publish","has-post-thumbnail","hentry"],"acf":[],"_links":{"self":[{"href":"https:\/\/jiser.org\/es\/wp-json\/wp\/v2\/pages\/3546","targetHints":{"allow":["GET"]}}],"collection":[{"href":"https:\/\/jiser.org\/es\/wp-json\/wp\/v2\/pages"}],"about":[{"href":"https:\/\/jiser.org\/es\/wp-json\/wp\/v2\/types\/page"}],"author":[{"embeddable":true,"href":"https:\/\/jiser.org\/es\/wp-json\/wp\/v2\/users\/4"}],"replies":[{"embeddable":true,"href":"https:\/\/jiser.org\/es\/wp-json\/wp\/v2\/comments?post=3546"}],"version-history":[{"count":6,"href":"https:\/\/jiser.org\/es\/wp-json\/wp\/v2\/pages\/3546\/revisions"}],"predecessor-version":[{"id":3556,"href":"https:\/\/jiser.org\/es\/wp-json\/wp\/v2\/pages\/3546\/revisions\/3556"}],"wp:featuredmedia":[{"embeddable":true,"href":"https:\/\/jiser.org\/es\/wp-json\/wp\/v2\/media\/3498"}],"wp:attachment":[{"href":"https:\/\/jiser.org\/es\/wp-json\/wp\/v2\/media?parent=3546"}],"curies":[{"name":"wp","href":"https:\/\/api.w.org\/{rel}","templated":true}]}}