{"id":2804,"date":"2020-09-17T19:19:05","date_gmt":"2020-09-17T17:19:05","guid":{"rendered":"https:\/\/jiser.org\/?page_id=2804"},"modified":"2023-02-02T23:30:49","modified_gmt":"2023-02-02T21:30:49","slug":"prensa-2","status":"publish","type":"page","link":"https:\/\/jiser.org\/es\/prensa-2\/","title":{"rendered":"Prensa"},"content":{"rendered":"<h4>Si quer\u00e9is conocer m\u00e1s sobre Jiser y los proyectos que hemos desarrollado desde 2005, aqu\u00ed pod\u00e9is descargaros nuestra <a href=\"https:\/\/jiser.org\/wp-content\/uploads\/2018\/08\/NdP-General-cast.pdf\">nota de prensa<\/a>. Tambi\u00e9n pod\u00e9is descargaros nuestra selecci\u00f3n r\u00e1pida de <a href=\"https:\/\/jiser.org\/wp-content\/uploads\/2018\/08\/Imatges.zip\">im\u00e1genes<\/a> \u2193<\/h4>\n","protected":false},"excerpt":{"rendered":"<p>Si quer\u00e9is conocer m\u00e1s sobre Jiser y los proyectos que hemos desarrollado desde 2005, aqu\u00ed pod\u00e9is descargaros nuestra nota de prensa. Tambi\u00e9n pod\u00e9is descargaros nuestra selecci\u00f3n r\u00e1pida de im\u00e1genes \u2193<\/p>\n","protected":false},"author":4,"featured_media":0,"parent":0,"menu_order":5,"comment_status":"closed","ping_status":"closed","template":"template-press.php","meta":{"_acf_changed":false,"footnotes":""},"class_list":["post-2804","page","type-page","status-publish","hentry"],"acf":[],"_links":{"self":[{"href":"https:\/\/jiser.org\/es\/wp-json\/wp\/v2\/pages\/2804","targetHints":{"allow":["GET"]}}],"collection":[{"href":"https:\/\/jiser.org\/es\/wp-json\/wp\/v2\/pages"}],"about":[{"href":"https:\/\/jiser.org\/es\/wp-json\/wp\/v2\/types\/page"}],"author":[{"embeddable":true,"href":"https:\/\/jiser.org\/es\/wp-json\/wp\/v2\/users\/4"}],"replies":[{"embeddable":true,"href":"https:\/\/jiser.org\/es\/wp-json\/wp\/v2\/comments?post=2804"}],"version-history":[{"count":6,"href":"https:\/\/jiser.org\/es\/wp-json\/wp\/v2\/pages\/2804\/revisions"}],"predecessor-version":[{"id":4581,"href":"https:\/\/jiser.org\/es\/wp-json\/wp\/v2\/pages\/2804\/revisions\/4581"}],"wp:attachment":[{"href":"https:\/\/jiser.org\/es\/wp-json\/wp\/v2\/media?parent=2804"}],"curies":[{"name":"wp","href":"https:\/\/api.w.org\/{rel}","templated":true}]}}